{"id":178,"date":"2024-03-22T12:59:50","date_gmt":"2024-03-22T12:59:50","guid":{"rendered":"https:\/\/tesla.rgf.bg.ac.rs\/?page_id=178"},"modified":"2026-01-29T22:03:21","modified_gmt":"2026-01-29T22:03:21","slug":"konferencije-i-radionice","status":"publish","type":"page","link":"https:\/\/tesla.rgf.bg.ac.rs\/index.php\/konferencije-i-radionice\/","title":{"rendered":"\u0417\u0431\u043e\u0440\u043d\u0438\u0446\u0438 \u0438 \u043c\u043e\u043d\u043e\u0433\u0440\u0430\u0444\u0438\u0458\u0435"},"content":{"rendered":"\n<p><strong>2025.<\/strong><\/p>\n\n\n\n<p>Du\u0161ko Vitas, Ranka Stankovi\u0107, Cvetana Krstev. (2025). <strong>O familiji korpusa savremenog srpskog jezika SrpKor<\/strong>. Jasmina Moskovljevi\u0107 Popovi\u0107, Ranka Stankovi\u0107 (eds.), <em>Proceedings of the International Conference South Slavic Languages in the Digital Environment \u0408uDig: Thematic Collection of Papers<\/em> (3-27). University of Belgrade \u2014 Faculty of Philology. <a href=\"https:\/\/doi.org\/10.18485\/judig.2025.1.ch1\" target=\"_blank\" rel=\"noreferrer noopener\">https:\/\/doi.org\/10.18485\/judig.2025.1.ch1<\/a> M14<\/p>\n\n\n\n<p>Jelena Lazarevi\u0107, Olivera Kitanovi\u0107. (2025). <strong>Contrastive Analysis of Syntax Patterns in Comparable Football Corpora in Spanish and Serbian Languages<\/strong>. Jasmina Moskovljevi\u0107 Popovi\u0107, Ranka Stankovi\u0107 (eds.), <em>Proceedings of the International Conference South Slavic Languages in the Digital Environment \u0408uDig: Thematic Collection of Papers<\/em> (163\u2013179). University of Belgrade \u2014 Faculty of Philology. <a href=\"https:\/\/doi.org\/10.18485\/judig.2025.1.ch10\" target=\"_blank\" rel=\"noreferrer noopener\">https:\/\/doi.org\/10.18485\/judig.2025.1.ch10<\/a> M14<\/p>\n\n\n\n<p>Ranka\u00a0Stankovi\u0107, Jovana Ra\u0111enovi\u0107, Maja Risti\u0107, Dragan Stankov. (2025). <strong>Creation of a Training Dataset for Question-Answering Models in Serbian<\/strong>. Jasmina Moskovljevi\u0107 Popovi\u0107, Ranka Stankovi\u0107 (eds.), <em>Proceedings of the International Conference South Slavic Languages in the Digital Environment \u0408uDig: Thematic Collection of Papers<\/em> (245\u2013263). University of Belgrade \u2014 Faculty of Philology. <a href=\"https:\/\/doi.org\/10.18485\/judig.2025.1.ch14\" target=\"_blank\" rel=\"noreferrer noopener\">https:\/\/doi.org\/10.18485\/judig.2025.1.ch14<\/a> M14<\/p>\n\n\n\n<p>Rajna Dragi\u0107evi\u0107, Milo\u0161 Utvi\u0107.\u00a0(2025). <strong>Uloga derivata u leksi\u010dko-semanti\u010dkoj koheziji teksta<\/strong>. Sne\u017eana Guduri\u0107 (ed.) <em>Lingvisti\u010dki mozaik :\u00a0primenjena\u00a0lingvistika\u00a0u\u00a0\u010dast\u00a0Vesni Polovini<\/em>\u00a0(141\u2013157).\u00a0Dru\u0161tvo za primenjenu lingvistiku\u00a0Srbije,\u00a0Filozofski fakultet Univerziteta u Novom\u00a0Sadu,\u00a0Filolo\u0161ki fakultet Univerziteta u Beogradu. <a href=\"https:\/\/doi.org\/10.18485\/dpls_plucast.2025.6.ch8\">https:\/\/doi.org\/10.18485\/dpls_plucast.2025.6.ch8<\/a> <a href=\"https:\/\/doi.fil.bg.ac.rs\/pdf\/eb_ser\/dpls_plucast\/2025-6\/dpls_plucast-2025-6-ch8.pdf\">[pdf]<\/a> M14<\/p>\n\n\n\n<p>Ranka Stankovi\u0107, Nikola Jankovi\u0107, Jovana Ra\u0111enovi\u0107, Milica Ikoni\u0107 Ne\u0161i\u0107. (2025). <strong>From LLM Generation to Knowledge Representation: Creating and Structuring the GeminiKnowledge-sr QA Dataset for Serbian<\/strong>. Blerina Spahiu, Milan Dojchinovski (ed.) <em>1st GOBLIN Workshop on Knowledge Graph Technologies\u00a0on June 12, 2025 in Leipzig, Germany<\/em> <a href=\"https:\/\/drive.google.com\/file\/d\/1gdlzlqnk1uM-LZ0mDudhVgc5GYC6rgan\/view\" target=\"_blank\" rel=\"noreferrer noopener\">[<\/a><a href=\"https:\/\/dr.rgf.bg.ac.rs\/files\/original\/6703fca99da6bf724e75716902d3bcb3ee53f2c2.pdf\" target=\"_blank\" rel=\"noreferrer noopener\">pdf<\/a><a href=\"https:\/\/drive.google.com\/file\/d\/1gdlzlqnk1uM-LZ0mDudhVgc5GYC6rgan\/view\" target=\"_blank\" rel=\"noreferrer noopener\">]<\/a> M33<\/p>\n\n\n\n<p>Ranka Stankovi\u0107, Jovana Ra\u0111enovi\u0107, Mihailo \u0160kori\u0107, Marko\u00a0Putnikovi\u0107. (2025). <strong>Learning Word Embeddings using Lexical Resources and Corpora<\/strong>. Zdravkovi\u0107, M., Trajanovi\u0107, M., Konjovi\u0107, Z., Filipovi\u0107, N., Ivkovi\u0107, M. (eds.) <em>15th International Conference on Information Society and Technology (ICIST 2025)<\/em>,\u00a0Kopaonik, 9-12. mart 2025. (129-143) <a href=\"https:\/\/www.eventiotic.com\/eventiotic\/files\/Papers\/URL\/72ad421e-5395-41f0-9167-c45d57802248.pdf\">[pdf]<\/a>\u00a0M33<\/p>\n\n\n\n<p>Milica\u00a0Ikoni\u0107\u00a0Ne\u0161i\u0107, Sa\u0161a\u00a0Petalinkar, Ranka Stankovi\u0107, Ruslan Mitkov. (2025). <strong>From Zero to Hero \u2013 Serbian NER from Rules to LLMs<\/strong>. Alicia Picazo-Izquierdo, Ernesto Luis Estevanell-Valladares, Ruslan Mitkov, Rafael Munoz Guillena and Raul Garcia Cerda (eds.) <em>Proceedings of the First Workshop on Comparative Performance Evaluation: From Rules to Language Models associated with RANLP 2025<\/em>, Varna, Bulgaria, Sep 11, 2025. (87-96) ISBN 978-954-452-102-8 <a href=\"https:\/\/aclanthology.org\/2025.r2lm-1.10.pdf\">[pdf]<\/a> M33<\/p>\n\n\n\n<p>Aleksandra Markovi\u0107, Ranka Stankovi\u0107. (2025).\u00a0<strong>So Close but Still Far: Case Study on Application of LLMs in Idioms Identification, Definition, and Generation of Illustrative Examples<\/strong>,\u00a0Kosem, I., Jakub\u00ed\u010dek, M., Medved, M., Zgaga, K., Arhar Holdt, \u0160., Munda, T. &amp; Salgado, A. (eds.) <em><em>Electronic lexicography in the 21st century (eLex 2025): Intelligent lexicography. Proceedings of the eLex 2025 conference<\/em><\/em>, Bled, Slovenia, 18\u201320 November 2025. (79-94) <a href=\"https:\/\/elex.link\/elex2025\/wp-content\/uploads\/eLex2025-06-MarkovicStankovic.pdf\">[pdf]<\/a> M33<\/p>\n\n\n\n<p>Cvetana\u00a0Krstev, Ranka Stankovi\u0107, Aleksandra Markovi\u0107, Milica\u00a0Ikoni\u0107\u00a0Ne\u0161i\u0107. (2025). <strong>Progress in SR-ELEXIS Semantic Annotation: Focusing on Multiword Expressions, Named Entities, and Sense Repository<\/strong>, <em>3rd\u00a0UniDive\u00a0Workshop in Budapest &#8211; selected abstracts<\/em>, Budapest 30 Jan 2025,\u00a0<a href=\"https:\/\/unidive.lisn.upsaclay.fr\/lib\/exe\/fetch.php?media=meetings:general_meetings:3rd_unidive_general_meeting:32_progress_in_sr_elexis_seman.pdf\">[pdf]<\/a>  <a href=\"https:\/\/unidive.lisn.upsaclay.fr\/lib\/exe\/fetch.php?media=meetings:general_meetings:3rd_unidive_general_meeting:32_progress_in_sr_elexis_seman_poster_material.pdf\">Poster<\/a>\u00a0M34<\/p>\n\n\n\n<p>Milica Ikoni\u0107 Ne\u0161i\u0107, Sa\u0161a Petalinkar, Ranka Stankovi\u0107. (2025). <strong>Towards Linguistic Completeness in Knowledge Graphs: Generating Serbian Inflections with Language Models<\/strong>,\u00a0<em>Artificial\u00a0Intelligence\u00a0Conference<\/em> <em>Book\u00a0of\u00a0Abstracts<\/em>,\u00a0Belgrade,\u00a0October\u00a09-10.\u00a02025\u00a0(129-130)\u00a0<a href=\"https:\/\/www.mi.sanu.ac.rs\/~ai_conf\/2025\/AI_Conference_Book_of_Abstracts.pdf\">[pdf]<\/a> M34<\/p>\n\n\n\n<p><strong>2024.<\/strong><\/p>\n\n\n\n<p>Milica Ikoni\u0107 Ne\u0161i\u0107, Sa\u0161a Petalinkar, Mihailo \u0160kori\u0107, Ranka M. Stankovi\u0107. (2024). <strong>BERT downstream task analysis: Named Entity Recognition in Serbian<\/strong>, <em>14th International Conference on Information Society and Technology &#8211; ICIST 2024, 10-13. mart 2024<\/em>. (pp 333-347). <a href=\"https:\/\/tesla.rgf.bg.ac.rs\/wp-content\/uploads\/2024\/04\/ICIST-24.pdf\">[pdf]<\/a> M33<a href=\"https:\/\/doi.org\/10.5281\/zenodo.11209115\"><img decoding=\"async\" src=\"https:\/\/zenodo.org\/badge\/DOI\/10.5281\/zenodo.11209115.svg\" alt=\"DOI\"><\/a><\/p>\n\n\n\n<p>Ranka Stankovi\u0107, Olivera Kitanovi\u0107, AleksandraToma\u0161evi\u0107, Mihailo \u0160kori\u0107, Ljiljana Kolonja. (2024). <strong>Semantic Textual Similarity of Courses based on Text Embeddings<\/strong>, <em>14th International Conference on Information Society and Technology &#8211; ICIST 2024, 10-13. mart 2024<\/em>. (pp. 311-322) <a href=\"https:\/\/tesla.rgf.bg.ac.rs\/wp-content\/uploads\/2024\/04\/ICIST24-Olivera-Kitanovic.pdf\">[pdf]<\/a> M33<a href=\"https:\/\/doi.org\/10.5281\/zenodo.11209025\"><img decoding=\"async\" src=\"https:\/\/zenodo.org\/badge\/DOI\/10.5281\/zenodo.11209025.svg\" alt=\"DOI\"><\/a><\/p>\n\n\n\n<p>Ranka Stankovi\u0107, Christian Chiarcos, Milica Ikoni\u0107 Ne\u0161i\u0107. <strong>Leveraging Linked Data, NIF, and CONLL-U for Enhanced Annotation in Sentence Aligned Parallel Corpora<\/strong>, <em><a href=\"https:\/\/unidive.lisn.upsaclay.fr\/doku.php?id=meetings:general_meetings:2nd_unidive_general_meeting:abstracts#session_a\">UniDive 2nd general meeting, University of Naples L\u2019Orientale<\/a>, Italy, 7-9 February 2024<\/em> <a href=\"https:\/\/doi.org\/10.5281\/zenodo.11208945\"><img decoding=\"async\" src=\"https:\/\/zenodo.org\/badge\/DOI\/10.5281\/zenodo.11208945.svg\" alt=\"DOI\"><\/a> <\/p>\n\n\n\n<p>Cvetana Krstev, Aleksandra Markovic, Ranka Stankovi\u0107. <strong>Annotation of MWEs and NEs in the Serbian extension of ELEXIS-WSD: comparisons, solutions and open questions<\/strong>, <a href=\"https:\/\/unidive.lisn.upsaclay.fr\/doku.php?id=meetings:general_meetings:2nd_unidive_general_meeting:abstracts#session_a\">UniDive 2nd general meeting, University of Naples L\u2019Orientale<\/a>, Italy, 7-9 February 2024 \n<a href=\"https:\/\/doi.org\/10.5281\/zenodo.11208719\"><img decoding=\"async\" src=\"https:\/\/zenodo.org\/badge\/DOI\/10.5281\/zenodo.11208719.svg\" alt=\"DOI\"><\/a><\/p>\n\n\n\n<p>Cvetana Krstev, Ranka Stankovi\u0107, &amp; Aleksandra Markovi\u0107. (2024). <strong>Annotation of MWEs and NEs in the Serbian extension of ELEXIS-WSD: comparisons, solutions and open questions<\/strong>. 2nd UniDive Workshop in Naples, Naples, 8-9 February 2024. <a href=\"https:\/\/doi.org\/10.5281\/zenodo.11208719\"><img decoding=\"async\" src=\"https:\/\/zenodo.org\/badge\/DOI\/10.5281\/zenodo.11208719.svg\" alt=\"DOI\"><\/a><\/p>\n\n\n\n<p>Milica Ikoni\u0107 Ne\u0161i\u0107, Sa\u0161a Petalinkar, Mihailo \u0160kori\u0107, Ranka Stankovi\u0107. (2024). <strong>BERT Downstream Task Analysis: Named Entity Recognition in Serbian<\/strong>. Trajanovi\u0107, M., Filipovi\u0107, N., Zdravkovi\u0107, M. (eds.) <em>Disruptive Information Technologies for a Smart Society. ICIST 2024. <\/em>Lecture Notes in Networks and Systems, vol 860. Springer, Cham. <a href=\"https:\/\/doi.org\/10.1007\/978-3-031-71419-1_29 \">https:\/\/doi.org\/10.1007\/978-3-031-71419-1_29 <\/a><a href=\"https:\/\/link.springer.com\/chapter\/10.1007\/978-3-031-71419-1_29\">https:\/\/link.springer.com\/chapter\/10.1007\/978-3-031-71419-1_29<\/a> Presentation available at Zenodo <a href=\"https:\/\/doi.org\/10.5281\/zenodo.11209115\"><img decoding=\"async\" src=\"https:\/\/zenodo.org\/badge\/DOI\/10.5281\/zenodo.11209115.svg\" alt=\"DOI\"><\/a> M33<\/p>\n\n\n\n<p>Olivera Kitanovi\u0107, Aleksandra Toma\u0161evi\u0107, Mihailo \u0160kori\u0107, Ranka Stankovi\u0107, Ljiljana Kolonja (2024). <strong>Semantic Textual Similarity of Courses Based on Text Embeddings<\/strong>. Trajanovi\u0107, M., Filipovi\u0107, N., Zdravkovi\u0107, M. (eds.) <em>Disruptive Information Technologies for a Smart Society. ICIST 2024.<\/em> Lecture Notes in Networks and Systems, vol 860. Springer, Cham. <a href=\"https:\/\/doi.org\/10.1007\/978-3-031-71419-1_27\">https:\/\/doi.org\/10.1007\/978-3-031-71419-1_27<\/a> M33<\/p>\n\n\n\n<p>Christian Chiarcos, Ranka Stankovi\u0107, Maxim Ionov, Gilles Serasset. (2024). <strong>Bridging Computational Lexicography and Corpus Linguistics: A Query Extension for OntoLex-FrAC<\/strong>. Nicoletta Calzolari,\u00a0Min-Yen Kan,\u00a0Veronique Hoste,\u00a0Alessandro Lenci,\u00a0Sakriani Sakti,\u00a0Nianwen Xue (eds.)<em> Proceedings of the 2024 Joint International Conference on Computational Linguistics, Language Resources and Evaluation (LREC-COLING 2024)<\/em>, ELRA; ICCL, May 2024, Torino, Italy. (2504-2514). <a href=\"https:\/\/aclanthology.org\/2024.lrec-main.225\/\">https:\/\/aclanthology.org\/2024.lrec-main.225\/<\/a> M33<\/p>\n\n\n\n<p>Ranka Stankovi\u0107, Milica Ikoni\u0107 Ne\u0161i\u0107, Olja Perisic, Mihailo \u0160kori\u0107, Olivera Kitanovi\u0107. (2024). <strong>Towards Semantic Interoperability: Parallel Corpora as Linked Data Incorporating Named Entity Linking<\/strong>. Christian Chiarcos,\u00a0Katerina Gkirtzou,\u00a0Maxim Ionov,\u00a0Fahad Khan,\u00a0John P. McCrae,\u00a0Elena Montiel Ponsoda,\u00a0Patricia Mart\u00edn Chozas (eds.) <em>Proceedings of the 9th Workshop on Linked Data in Linguistics @ LREC-COLING 2024<\/em>, Torino, Italy. ELRA and ICCL. (115\u2013125). <a href=\"https:\/\/aclanthology.org\/2024.ldl-1.15\/\">https:\/\/aclanthology.org\/2024.ldl-1.15\/<\/a> M33<\/p>\n\n\n\n<p>Milica Ikoni\u0107 Ne\u0161i\u0107, Sa\u0161a Petalinkar, Mihailo \u0160kori\u0107, Ranka Stankovi\u0107 and Biljana Rujevi\u0107. <strong>Advancing Sentiment Analysis in Serbian Literature: A Zero and Few-Shot Learning Approach Using the Mistral Model. In Proceedings of the Sixth International Conference on Computational Linguistics in Bulgaria<\/strong> (CLIB 2024), pages 58\u201370, Sofia, Bulgaria. Department of Computational Linguistics, Institute for Bulgarian Language, Bulgarian Academy of Sciences. <a href=\"https:\/\/aclanthology.org\/2024.clib-1.5\/\">https:\/\/aclanthology.org\/2024.clib-1.5\/<\/a><\/p>\n\n\n\n<p>Milica Ikoni\u0107 Ne\u0161i\u0107, Sa\u0161a Petalinkar, Ranka Stankovi\u0107, Milo\u0161 Utvi\u0107, Olivera Kitanovi\u0107. (2024). <strong>SrpCNNeL: Serbian Model for Named Entity Linking<\/strong>.  <em>Proceedings of the 19th Conference on Computer Science and Intelligence Systems (FedCSIS)<\/em>, (465-473), doi: <a href=\"https:\/\/repff.fil.bg.ac.rs\/handle\/123456789\/1570?locale-attribute=en\">10.15439\/2024F8827<\/a> M3<\/p>\n\n\n\n<p>Teodora Mihajlov, Milica Ikoni\u0107 Ne\u0161i\u0107, Ranka Stankovi\u0107 and Olivera Kitanovi\u0107, <strong>&#8220;Topic Modeling of the SrpELTeC Corpus: A Comparison of NMF, LDA, and BERTopic,&#8221;<\/strong><em>2024 19th Conference on Computer Science and Intelligence Systems (FedCSIS)<\/em>, Belgrade, Serbia, 2024, pp. 649-653, doi: <a href=\"https:\/\/annals-csis.org\/Volume_39\/drp\/1593.html\">10.15439\/2024F1593<\/a>. Presentation available in Zenodo  <a href=\"https:\/\/doi.org\/10.5281\/zenodo.13996169\"><img decoding=\"async\" src=\"https:\/\/zenodo.org\/badge\/DOI\/10.5281\/zenodo.13996169.svg\" alt=\"DOI\"><\/a><\/p>\n\n\n\n<p>Du\u0161ko Vitas, Ranka Stankovi\u0107, Cvetana Krstev , The Many Faces of SrpKor, pp 27-28. Book of abstracts, I<strong>nternational Conference South Slavic Languages in the Digital Environment JuDig<\/strong>, JuDig, November 21-23. 2024, University, Faculty of Philology, 2024, ISBN 978-86-6153-754-7, Eds Ranka Stankovi\u0107 and Jasmina Moskovljevi\u0107, COBISS.SR-ID 157072905. <a href=\"https:\/\/judig.jerteh.rs\/images\/knjige\/JUDIG-2024-book%20of%20abstracts.pdf\">[pdf]<\/a><\/p>\n\n\n\n<p>Jelena Lazarevi\u0107, Olivera Kitanovi\u0107, <strong>Contrastive Analysis of Syntax Patterns in Comparable Football Corpora in Spanish and Serbian Languages<\/strong>, pp. 31 Book of abstracts, International Conference South Slavic Languages in the Digital Environment JuDig, JuDig, November 21-23. 2024, University, Faculty of Philology, 2024, ISBN 978-86-6153-754-7, Eds Ranka Stankovi\u0107 and Jasmina Moskovljevi\u0107, COBISS.SR-ID 157072905. <a href=\"https:\/\/judig.jerteh.rs\/images\/knjige\/JUDIG-2024-book%20of%20abstracts.pdf\">[pdf]<\/a><\/p>\n\n\n\n<p>Jelena Lazarevi\u0107, Olivera Kitanovi\u0107, <strong>Contrastive Analysis of Syntax Patterns in Comparable Football Corpora in Spanish and Serbian Languages<\/strong>, pp. 31 Book of abstracts, International Conference South Slavic Languages in the Digital Environment JuDig, JuDig, November 21-23. 2024, University, Faculty of Philology, 2024, ISBN 978-86-6153-754-7, Eds Ranka Stankovi\u0107 and Jasmina Moskovljevi\u0107, COBISS.SR-ID 157072905. <a href=\"https:\/\/judig.jerteh.rs\/images\/knjige\/JUDIG-2024-book%20of%20abstracts.pdf\">[pdf]<\/a><\/p>\n\n\n\n<p>Milena Milinkovi\u0107, Milica Ikoni\u0107 Ne\u0161i\u0107, Named Entities in the Digital Corpus of Spatial Plans\/Planning, pp 33-34 Book of abstracts, <strong>International Conference South Slavic Languages in the Digital Environment JuDig<\/strong>, JuDig, November 21-23. 2024, University, Faculty of Philology, 2024, ISBN 978-86-6153-754-7, Eds Ranka Stankovi\u0107 and Jasmina Moskovljevi\u0107, COBISS.SR-ID 157072905. <a href=\"https:\/\/judig.jerteh.rs\/images\/knjige\/JUDIG-2024-book%20of%20abstracts.pdf\">[pdf]<\/a><\/p>\n\n\n\n<p>Ranka Stankovi\u0107, Jovana Ra\u0111enovi\u0107, Maja Risti\u0107, Dragan Stankov , <strong>Creation of a Training Dataset for Question-Answering Models in Serbian<\/strong>, \u2026 pp. 34-35 Book of abstracts, International Conference South Slavic Languages in the Digital Environment JuDig, JuDig, November 21-23. 2024, University, Faculty of Philology, 2024, ISBN 978-86-6153-754-7, Eds Ranka Stankovi\u0107 and Jasmina Moskovljevi\u0107, COBISS.SR-ID 157072905. <a href=\"https:\/\/judig.jerteh.rs\/images\/knjige\/JUDIG-2024-book%20of%20abstracts.pdf\">[pdf]<\/a><\/p>\n\n\n\n<p>Sa\u0161a Petalinkar, Milica Ikoni\u0107 Ne\u0161i\u0107 Automating Synset Example Creation: <strong>A Case Study with Serbian Wordnet and ChatGPT<\/strong>, pp.56 Book of abstracts, International Conference South Slavic Languages in the Digital Environment JuDig, JuDig, November 21-23. 2024, University, Faculty of Philology, 2024, ISBN 978-86-6153-754-7, Eds Ranka Stankovi\u0107 and Jasmina Moskovljevi\u0107, COBISS.SR-ID 157072905. <a href=\"https:\/\/judig.jerteh.rs\/images\/knjige\/JUDIG-2024-book%20of%20abstracts.pdf\">[pdf]<\/a><\/p>\n\n\n\n<p>Milica Ikoni\u0107 Ne\u0161i\u0107, Milo\u0161 Utvi\u0107, <strong>Overview of the Tesla-Ner-Nel-Gold Dataset: Showcase on Serbian-English Parallel Corpus<\/strong>, pp. 57 Book of abstracts, International Conference South Slavic Languages in the Digital Environment JuDig, JuDig, November 21-23. 2024, University, Faculty of Philology, 2024, ISBN 978-86-6153-754-7, Eds Ranka Stankovi\u0107 and Jasmina Moskovljevi\u0107, COBISS.SR-ID 157072905. <a href=\"https:\/\/judig.jerteh.rs\/images\/knjige\/JUDIG-2024-book%20of%20abstracts.pdf\">[pdf]<\/a><\/p>\n\n\n\n<p>Milena \u0160o\u0161i\u0107, Ranka Stankovi\u0107, 3Jelena Graovac, <strong>Social-Emo.Sr: Emotional Multi-Label Categorization of Conversational Messages from Social Networks X and Reddit<\/strong>, pp. 58-59 Book of abstracts, International Conference South Slavic Languages in the Digital Environment JuDig, JuDig, November 21-23. 2024, University, Faculty of Philology, 2024, ISBN 978-86-6153-754-7, Eds Ranka Stankovi\u0107 and Jasmina Moskovljevi\u0107, COBISS.SR-ID 157072905. <a href=\"https:\/\/judig.jerteh.rs\/images\/knjige\/JUDIG-2024-book%20of%20abstracts.pdf\">[pdf]<\/a><\/p>\n\n\n\n<p>Mihailo \u0160kori\u0107, New Language Models for South Slavic Languages, pp. 59 Book of abstracts, <strong>International Conference South Slavic Languages in the Digital Environment JuDig<\/strong>, JuDig, November 21-23. 2024, University, Faculty of Philology, 2024, ISBN 978-86-6153-754-7, Eds Ranka Stankovi\u0107 and Jasmina Moskovljevi\u0107, COBISS.SR-ID 157072905.<a href=\"https:\/\/judig.jerteh.rs\/images\/knjige\/JUDIG-2024-book%20of%20abstracts.pdf\">[pdf]<\/a><\/p>\n\n\n\n<p>Danka Joki\u0107, Ranka Stankovi\u0107, Jelena Ja\u0107imovi\u0107, Knowledge Graphs in the Era of Large Language Models: <strong>Opportunities and Challenges<\/strong> Book of abstracts, International Conference South Slavic Languages in the Digital Environment JuDig, JuDig, November 21-23. 2024, University, Faculty of Philology, 2024, ISBN 978-86-6153-754-7, Eds Ranka Stankovi\u0107 and Jasmina Moskovljevi\u0107, COBISS.SR-ID 157072905. <a href=\"https:\/\/judig.jerteh.rs\/images\/knjige\/JUDIG-2024-book%20of%20abstracts.pdf\">[pdf]<\/a><\/p>\n\n\n\n<p><strong>2023.<\/strong><\/p>\n\n\n\n<p>\u041c\u0438\u0445\u0430\u0438\u043b\u043e \u0428\u043a\u043e\u0440\u0438\u045b. <strong>\u0412\u0435\u043b\u0438\u043a\u0438 \u0458\u0435\u0437\u0438\u0447\u043a\u0438 \u043c\u043e\u0434\u0435\u043b\u0438 \u0437\u0430 \u0441\u0440\u043f\u0441\u043a\u0438 \u0458\u0435\u0437\u0438\u043a<\/strong>, <a href=\"https:\/\/www.mi.sanu.ac.rs\/~ai_conf\/AI_conf_Knjiga_apstrakata.pdf\">\u041a\u043e\u043d\u0444\u0435\u0440\u0435\u043d\u0446\u0438\u0458\u0430 \u0412\u0435\u0448\u0442\u0430\u0447\u043a\u0430 \u0438\u043d\u0442\u0435\u043b\u0438\u0433\u0435\u043d\u0446\u0438\u0458\u0430 &#8211; \u043a\u045a\u0438\u0433\u0430 \u0430\u043f\u0441\u0442\u0440\u0430\u043a\u0430\u0442\u0430<\/a>, \u0441\u0442\u0440. 128, 2023. <a href=\"https:\/\/doi.org\/10.5281\/zenodo.11197220\"><img decoding=\"async\" src=\"https:\/\/zenodo.org\/badge\/DOI\/10.5281\/zenodo.11197220.svg\" alt=\"DOI\"><\/a><\/p>\n\n\n\n<p>\u041c\u0438\u043b\u0438\u0446\u0430 \u0418\u043a\u043e\u043d\u0438\u045b \u041d\u0435\u0448\u0438\u045b, <strong>\u0408\u0435\u0437\u0438\u0447\u043a\u0438 \u043c\u043e\u0434\u0435\u043b\u0438 \u0437\u0430 \u043f\u0440\u0435\u043f\u043e\u0437\u043d\u0430\u0432\u0430\u045a\u0435 \u0438 \u043f\u043e\u0432\u0435\u0437\u0438\u0432\u0430\u045a\u0435 \u0438\u043c\u0435\u043d\u043e\u0432\u0430\u043d\u0438\u0445 \u0435\u043d\u0442\u0438\u0442\u0435\u0442\u0430<\/strong>, <a href=\"https:\/\/www.mi.sanu.ac.rs\/~ai_conf\/AI_conf_Knjiga_apstrakata.pdf\">\u041a\u043e\u043d\u0444\u0435\u0440\u0435\u043d\u0446\u0438\u0458\u0430 \u0412\u0435\u0448\u0442\u0430\u0447\u043a\u0430 \u0438\u043d\u0442\u0435\u043b\u0438\u0433\u0435\u043d\u0446\u0438\u0458\u0430 &#8211; \u043a\u045a\u0438\u0433\u0430 \u0430\u043f\u0441\u0442\u0440\u0430\u043a\u0430\u0442\u0430<\/a>, \u0441\u0442\u0440. 44-45, 2023. <a href=\"https:\/\/doi.org\/10.5281\/zenodo.11203068\"><img decoding=\"async\" src=\"https:\/\/zenodo.org\/badge\/DOI\/10.5281\/zenodo.11203068.svg\" alt=\"DOI\"><\/a><\/p>\n\n\n\n<p>\u0420\u0430\u043d\u043a\u0430 \u0421\u0442\u0430\u043d\u043a\u043e\u0432\u0438\u045b, <strong>\u0414\u0438\u0433\u0438\u0442\u0430\u043b\u043d\u0438 \u043f\u0443\u0442 \u0441\u0440\u043f\u0441\u043a\u043e\u0433 \u0458\u0435\u0437\u0438\u043a\u0430: \u0440\u0435\u0441\u0443\u0440\u0441\u0438, \u043c\u043e\u0434\u0435\u043b\u0438 \u0438 \u0442\u0435\u0445\u043d\u043e\u043b\u043e\u0433\u0438\u0458\u0435<\/strong>, <a href=\"https:\/\/www.mi.sanu.ac.rs\/~ai_conf\/AI_conf_Knjiga_apstrakata.pdf\">\u041a\u043e\u043d\u0444\u0435\u0440\u0435\u043d\u0446\u0438\u0458\u0430 \u0412\u0435\u0448\u0442\u0430\u0447\u043a\u0430 \u0438\u043d\u0442\u0435\u043b\u0438\u0433\u0435\u043d\u0446\u0438\u0458\u0430 &#8211; \u043a\u045a\u0438\u0433\u0430 \u0430\u043f\u0441\u0442\u0440\u0430\u043a\u0430\u0442\u0430<\/a>, \u0441\u0442\u0440. 8, 2023. <a href=\"https:\/\/doi.org\/10.5281\/zenodo.11203122\"><img decoding=\"async\" src=\"https:\/\/zenodo.org\/badge\/DOI\/10.5281\/zenodo.11203122.svg\" alt=\"DOI\"><\/a><\/p>\n\n\n\n<p><\/p>\n","protected":false},"excerpt":{"rendered":"<p>2025. Du\u0161ko Vitas, Ranka Stankovi\u0107, Cvetana Krstev. (2025). O familiji korpusa savremenog srpskog jezika SrpKor. Jasmina Moskovljevi\u0107 Popovi\u0107, Ranka Stankovi\u0107 (eds.), Proceedings of the International &hellip;<\/p>\n","protected":false},"author":1,"featured_media":0,"parent":0,"menu_order":0,"comment_status":"closed","ping_status":"closed","template":"","meta":{"footnotes":""},"class_list":["post-178","page","type-page","status-publish","hentry"],"featured_image_src":null,"_links":{"self":[{"href":"https:\/\/tesla.rgf.bg.ac.rs\/index.php\/wp-json\/wp\/v2\/pages\/178","targetHints":{"allow":["GET"]}}],"collection":[{"href":"https:\/\/tesla.rgf.bg.ac.rs\/index.php\/wp-json\/wp\/v2\/pages"}],"about":[{"href":"https:\/\/tesla.rgf.bg.ac.rs\/index.php\/wp-json\/wp\/v2\/types\/page"}],"author":[{"embeddable":true,"href":"https:\/\/tesla.rgf.bg.ac.rs\/index.php\/wp-json\/wp\/v2\/users\/1"}],"replies":[{"embeddable":true,"href":"https:\/\/tesla.rgf.bg.ac.rs\/index.php\/wp-json\/wp\/v2\/comments?post=178"}],"version-history":[{"count":34,"href":"https:\/\/tesla.rgf.bg.ac.rs\/index.php\/wp-json\/wp\/v2\/pages\/178\/revisions"}],"predecessor-version":[{"id":909,"href":"https:\/\/tesla.rgf.bg.ac.rs\/index.php\/wp-json\/wp\/v2\/pages\/178\/revisions\/909"}],"wp:attachment":[{"href":"https:\/\/tesla.rgf.bg.ac.rs\/index.php\/wp-json\/wp\/v2\/media?parent=178"}],"curies":[{"name":"wp","href":"https:\/\/api.w.org\/{rel}","templated":true}]}}