{"id":180,"date":"2024-03-22T13:01:33","date_gmt":"2024-03-22T13:01:33","guid":{"rendered":"https:\/\/tesla.rgf.bg.ac.rs\/?page_id=180"},"modified":"2024-05-20T10:11:58","modified_gmt":"2024-05-20T10:11:58","slug":"conferences-and-workshops","status":"publish","type":"page","link":"https:\/\/tesla.rgf.bg.ac.rs\/index.php\/en\/conferences-and-workshops\/","title":{"rendered":"Conferences and workshops"},"content":{"rendered":"\n<p>Milica Ikoni\u0107 Ne\u0161i\u0107, Sa\u0161a Petalinkar, Mihailo \u0160kori\u0107, Ranka M. Stankovi\u0107.\u00a0<strong>BERT downstream task analysis: Named Entity Recognition in Serbian<\/strong>, YU INFO 2024, 10-13. mart 2024. <a href=\"https:\/\/tesla.rgf.bg.ac.rs\/wp-content\/uploads\/2024\/04\/ICIST-24.pdf\">[pdf]<\/a> <a href=\"https:\/\/doi.org\/10.5281\/zenodo.11209115\"><img decoding=\"async\" src=\"https:\/\/zenodo.org\/badge\/DOI\/10.5281\/zenodo.11209115.svg\" alt=\"DOI\"><\/a> <\/p>\n\n\n\n<p>Ranka M Stankovi\u0107, Olivera Kitanovi\u0107, AleksandraToma\u0161evi\u0107, Mihailo \u0160kori\u0107, Ljiljana Kolonja. <strong>Semantic Textual Similarity of Courses based on Text Embeddings<\/strong>, YU INFO 2024, 10-13. mart 2024. <a href=\"https:\/\/tesla.rgf.bg.ac.rs\/wp-content\/uploads\/2024\/04\/ICIST24-Olivera-Kitanovic.pdf\">[pdf]<\/a> <a href=\"https:\/\/doi.org\/10.5281\/zenodo.11209025\"><img decoding=\"async\" src=\"https:\/\/zenodo.org\/badge\/DOI\/10.5281\/zenodo.11209025.svg\" alt=\"DOI\"><\/a><\/p>\n\n\n\n<p>Ranka Stankovi\u0107, Christian Chiarcos, Milica Ikoni\u0107 Ne\u0161i\u0107.&nbsp;<strong>Leveraging Linked Data, NIF, and CONLL-U for Enhanced Annotation in Sentence Aligned Parallel Corpora<\/strong>,&nbsp;<a href=\"https:\/\/unidive.lisn.upsaclay.fr\/doku.php?id=meetings:general_meetings:2nd_unidive_general_meeting:abstracts#session_a\">UniDive 2nd general meeting, University of Naples L\u2019Orientale<\/a>, Italy, 7-9 February 2024 <a href=\"https:\/\/doi.org\/10.5281\/zenodo.11208945\"><img decoding=\"async\" src=\"https:\/\/zenodo.org\/badge\/DOI\/10.5281\/zenodo.11208945.svg\" alt=\"DOI\"><\/a><\/p>\n\n\n\n<p>Cvetana Krstev, Aleksandra Markovic, Ranka Stankovi\u0107. <strong>Annotation of MWEs and NEs in the Serbian extension of ELEXIS-WSD: comparisons, solutions and open questions<\/strong>,&nbsp;<a href=\"https:\/\/unidive.lisn.upsaclay.fr\/doku.php?id=meetings:general_meetings:2nd_unidive_general_meeting:abstracts#session_a\">UniDive 2nd general meeting, University of Naples L\u2019Orientale<\/a>, Italy, 7-9 February 2024 <a href=\"https:\/\/doi.org\/10.5281\/zenodo.11208719\"><img decoding=\"async\" src=\"https:\/\/zenodo.org\/badge\/DOI\/10.5281\/zenodo.11208719.svg\" alt=\"DOI\"><\/a><\/p>\n\n\n\n<p>\u041c\u0438\u0445\u0430\u0438\u043b\u043e \u0428\u043a\u043e\u0440\u0438\u045b. <strong>\u0412\u0435\u043b\u0438\u043a\u0438 \u0458\u0435\u0437\u0438\u0447\u043a\u0438 \u043c\u043e\u0434\u0435\u043b\u0438 \u0437\u0430 \u0441\u0440\u043f\u0441\u043a\u0438 \u0458\u0435\u0437\u0438\u043a<\/strong>,&nbsp;<a href=\"https:\/\/www.mi.sanu.ac.rs\/~ai_conf\/AI_conf_Knjiga_apstrakata.pdf\">\u041a\u043e\u043d\u0444\u0435\u0440\u0435\u043d\u0446\u0438\u0458\u0430 \u0412\u0435\u0448\u0442\u0430\u0447\u043a\u0430 \u0438\u043d\u0442\u0435\u043b\u0438\u0433\u0435\u043d\u0446\u0438\u0458\u0430 \u2013 \u043a\u045a\u0438\u0433\u0430 \u0430\u043f\u0441\u0442\u0440\u0430\u043a\u0430\u0442\u0430<\/a>, \u0441\u0442\u0440. 128, 2023. <a href=\"https:\/\/doi.org\/10.5281\/zenodo.11197220\"><img decoding=\"async\" src=\"https:\/\/zenodo.org\/badge\/DOI\/10.5281\/zenodo.11197220.svg\" alt=\"DOI\"><\/a><\/p>\n\n\n\n<p>\u041c\u0438\u043b\u0438\u0446\u0430 \u0418\u043a\u043e\u043d\u0438\u045b \u041d\u0435\u0448\u0438\u045b, <strong>\u0408\u0435\u0437\u0438\u0447\u043a\u0438 \u043c\u043e\u0434\u0435\u043b\u0438 \u0437\u0430 \u043f\u0440\u0435\u043f\u043e\u0437\u043d\u0430\u0432\u0430\u045a\u0435 \u0438 \u043f\u043e\u0432\u0435\u0437\u0438\u0432\u0430\u045a\u0435 \u0438\u043c\u0435\u043d\u043e\u0432\u0430\u043d\u0438\u0445 \u0435\u043d\u0442\u0438\u0442\u0435\u0442\u0430<\/strong>,&nbsp;<a href=\"https:\/\/www.mi.sanu.ac.rs\/~ai_conf\/AI_conf_Knjiga_apstrakata.pdf\">\u041a\u043e\u043d\u0444\u0435\u0440\u0435\u043d\u0446\u0438\u0458\u0430 \u0412\u0435\u0448\u0442\u0430\u0447\u043a\u0430 \u0438\u043d\u0442\u0435\u043b\u0438\u0433\u0435\u043d\u0446\u0438\u0458\u0430 \u2013 \u043a\u045a\u0438\u0433\u0430 \u0430\u043f\u0441\u0442\u0440\u0430\u043a\u0430\u0442\u0430<\/a>, \u0441\u0442\u0440. 44-45, 2023. <a href=\"https:\/\/doi.org\/10.5281\/zenodo.11203068\"><img decoding=\"async\" src=\"https:\/\/zenodo.org\/badge\/DOI\/10.5281\/zenodo.11203068.svg\" alt=\"DOI\"><\/a><\/p>\n\n\n\n<p>\u0420\u0430\u043d\u043a\u0430 \u0421\u0442\u0430\u043d\u043a\u043e\u0432\u0438\u045b, <strong>\u0414\u0438\u0433\u0438\u0442\u0430\u043b\u043d\u0438 \u043f\u0443\u0442 \u0441\u0440\u043f\u0441\u043a\u043e\u0433 \u0458\u0435\u0437\u0438\u043a\u0430: \u0440\u0435\u0441\u0443\u0440\u0441\u0438, \u043c\u043e\u0434\u0435\u043b\u0438 \u0438 \u0442\u0435\u0445\u043d\u043e\u043b\u043e\u0433\u0438\u0458\u0435<\/strong>,&nbsp;<a href=\"https:\/\/www.mi.sanu.ac.rs\/~ai_conf\/AI_conf_Knjiga_apstrakata.pdf\">\u041a\u043e\u043d\u0444\u0435\u0440\u0435\u043d\u0446\u0438\u0458\u0430 \u0412\u0435\u0448\u0442\u0430\u0447\u043a\u0430 \u0438\u043d\u0442\u0435\u043b\u0438\u0433\u0435\u043d\u0446\u0438\u0458\u0430 \u2013 \u043a\u045a\u0438\u0433\u0430 \u0430\u043f\u0441\u0442\u0440\u0430\u043a\u0430\u0442\u0430<\/a>, \u0441\u0442\u0440. 8, 2023. <a href=\"https:\/\/doi.org\/10.5281\/zenodo.11203122\"><img decoding=\"async\" src=\"https:\/\/zenodo.org\/badge\/DOI\/10.5281\/zenodo.11203122.svg\" alt=\"DOI\"><\/a><\/p>\n\n\n\n<p><\/p>\n","protected":false},"excerpt":{"rendered":"<p>Milica Ikoni\u0107 Ne\u0161i\u0107, Sa\u0161a Petalinkar, Mihailo \u0160kori\u0107, Ranka M. Stankovi\u0107.\u00a0BERT downstream task analysis: Named Entity Recognition in Serbian, YU INFO 2024, 10-13. mart 2024. [pdf] &hellip;<\/p>\n","protected":false},"author":1,"featured_media":0,"parent":0,"menu_order":0,"comment_status":"closed","ping_status":"closed","template":"","meta":{"footnotes":""},"class_list":["post-180","page","type-page","status-publish","hentry"],"featured_image_src":null,"_links":{"self":[{"href":"https:\/\/tesla.rgf.bg.ac.rs\/index.php\/wp-json\/wp\/v2\/pages\/180","targetHints":{"allow":["GET"]}}],"collection":[{"href":"https:\/\/tesla.rgf.bg.ac.rs\/index.php\/wp-json\/wp\/v2\/pages"}],"about":[{"href":"https:\/\/tesla.rgf.bg.ac.rs\/index.php\/wp-json\/wp\/v2\/types\/page"}],"author":[{"embeddable":true,"href":"https:\/\/tesla.rgf.bg.ac.rs\/index.php\/wp-json\/wp\/v2\/users\/1"}],"replies":[{"embeddable":true,"href":"https:\/\/tesla.rgf.bg.ac.rs\/index.php\/wp-json\/wp\/v2\/comments?post=180"}],"version-history":[{"count":4,"href":"https:\/\/tesla.rgf.bg.ac.rs\/index.php\/wp-json\/wp\/v2\/pages\/180\/revisions"}],"predecessor-version":[{"id":255,"href":"https:\/\/tesla.rgf.bg.ac.rs\/index.php\/wp-json\/wp\/v2\/pages\/180\/revisions\/255"}],"wp:attachment":[{"href":"https:\/\/tesla.rgf.bg.ac.rs\/index.php\/wp-json\/wp\/v2\/media?parent=180"}],"curies":[{"name":"wp","href":"https:\/\/api.w.org\/{rel}","templated":true}]}}